{"id":291,"date":"2024-02-22T14:33:26","date_gmt":"2024-02-22T17:33:26","guid":{"rendered":"https:\/\/sites.usp.br\/pgsm\/?page_id=291"},"modified":"2024-02-22T14:40:26","modified_gmt":"2024-02-22T17:40:26","slug":"jaime-eduardo-cecilio-hallak","status":"publish","type":"page","link":"https:\/\/pgsm.fmrp.usp.br\/es\/orientadores\/jaime-eduardo-cecilio-hallak\/","title":{"rendered":"JAIME EDUARDO CEC\u00cdLIO HALLAK"},"content":{"rendered":"<h3>PROF. DR. JAIME EDUARDO CEC\u00cdLIO HALLAK<\/h3>\n<table style=\"border-collapse: collapse; width: 100%;\">\n<tbody>\n<tr>\n<td style=\"width: 200px; text-align: left; vertical-align: top;\"><img decoding=\"async\" class=\"alignnone size-full wp-image-295\" src=\"https:\/\/sites.usp.br\/pgsm\/wp-content\/uploads\/sites\/1417\/2024\/02\/JAIME-EDUARDO-CECILIO-HALLAK.jpg\" alt=\"\" width=\"114\" height=\"156\" \/><\/p>\n<h6><span style=\"color: #008080;\">LINKS RELACIONADOS<\/span><\/h6>\n<p><strong><span style=\"font-size: 10pt;\">\u00bb <\/span><span style=\"font-size: 10pt;\"><a href=\"http:\/\/lattes.cnpq.br\/8624365405849433\" target=\"_blank\" rel=\"noopener\">Curr\u00edculo Lattes<\/a><\/span><\/strong><\/td>\n<td style=\"text-align: left; vertical-align: top;\">\n<h4>Direcci\u00f3n Profesional<\/h4>\n<p>Universidad de S\u00e3o Paulo, Facultad de Medicina de Ribeir\u00e3o Preto, Departamento de Neurociencias y Ciencias del Comportamiento<br \/>\nHospital de las Cl\u00ednicas \u2013 Campus Universitario<br \/>\nAvenida dos Bandeirantes, 3900 \u2013 Monte Alegre<br \/>\n14048-900 \u2013 Ribeir\u00e3o Preto, SP \u2013 Brazil<br \/>\nTel\u00e9fono: 55 (16) 3602.2853<br \/>\nFax: 55 (16) 3602.2544<br \/>\nEmail:\u00a0jechallak@rnp.fmrp.usp.br<\/p>\n<h4>Biograf\u00eda<\/h4>\n<p style=\"text-align: justify;\">Se gradu\u00f3 en Medicina en la Universidad Federal del Tri\u00e1ngulo Mineiro (1990), Tiene Maestr\u00eda en Medicina (Salud Mental) en la Universidad de S\u00e3o Paulo (1998), Doctorado en Medicina (Salud Mental) en la Universidad de S\u00e3o Paulo (2002) y Post-Doctorado en la Universidad de Manchester \u2013 Inglaterra (2003). Actualmente es Profesor Doctor de la Facultad de Medicina de Ribeir\u00e3o Preto.<\/p>\n<h4>\u00c1rea de inter\u00e9s<\/h4>\n<p style=\"text-align: justify;\">Tiene experiencia en el \u00e1rea de Medicina \u2013 Psiquiatr\u00eda, con \u00e9nfasis en neuroimagen y psicofarmacolog\u00eda, actuando principalmente en los siguientes temas: esquizofrenia, antipsic\u00f3ticos, epilepsia del l\u00f3bulo temporal y t\u00e9cnicas de neuroimagen estructural y funcional.<\/p>\n<ul>\n<li><a href=\"https:\/\/www.frontiersin.org\/articles\/10.3389\/fpsyt.2021.662742\/full\" target=\"_blank\" rel=\"noopener\">Risk and Protective Factors for the Mental Health of Brazilian Healthcare Workers in the Frontline of COVID-19 Pandemic<\/a><\/li>\n<li><a href=\"https:\/\/jamanetwork.com\/journals\/jamanetworkopen\/fullarticle\/2782994\" target=\"_blank\" rel=\"noopener\">Efficacy and Safety of Cannabidiol Plus Standard Care vs Standard Care Alone for the Treatment of Emotional Exhaustion and Burnout Among Frontline Health Care Workers During the COVID-19 Pandemic<\/a><\/li>\n<\/ul>\n<\/td>\n<\/tr>\n<\/tbody>\n<\/table>\n<p>&nbsp;","protected":false},"excerpt":{"rendered":"<p>PROF. DR. JAIME EDUARDO CEC\u00cdLIO HALLAK LINKS RELACIONADOS \u00bb Curr\u00edculo Lattes Direcci\u00f3n Profesional Universidad de S\u00e3o Paulo, Facultad de Medicina de Ribeir\u00e3o Preto, Departamento de Neurociencias y Ciencias del Comportamiento Hospital de las Cl\u00ednicas \u2013 Campus Universitario Avenida dos Bandeirantes, 3900 \u2013 Monte Alegre 14048-900 \u2013 Ribeir\u00e3o Preto, SP \u2013 Brazil Tel\u00e9fono: 55 (16) 3602.2853 [&hellip;]<\/p>\n","protected":false},"author":635,"featured_media":0,"parent":241,"menu_order":0,"comment_status":"closed","ping_status":"closed","template":"","meta":{"ocean_post_layout":"","ocean_both_sidebars_style":"","ocean_both_sidebars_content_width":0,"ocean_both_sidebars_sidebars_width":0,"ocean_sidebar":"0","ocean_second_sidebar":"0","ocean_disable_margins":"enable","ocean_add_body_class":"","ocean_shortcode_before_top_bar":"","ocean_shortcode_after_top_bar":"","ocean_shortcode_before_header":"","ocean_shortcode_after_header":"","ocean_has_shortcode":"","ocean_shortcode_after_title":"","ocean_shortcode_before_footer_widgets":"","ocean_shortcode_after_footer_widgets":"","ocean_shortcode_before_footer_bottom":"","ocean_shortcode_after_footer_bottom":"","ocean_display_top_bar":"default","ocean_display_header":"default","ocean_header_style":"","ocean_center_header_left_menu":"0","ocean_custom_header_template":"0","ocean_custom_logo":0,"ocean_custom_retina_logo":0,"ocean_custom_logo_max_width":0,"ocean_custom_logo_tablet_max_width":0,"ocean_custom_logo_mobile_max_width":0,"ocean_custom_logo_max_height":0,"ocean_custom_logo_tablet_max_height":0,"ocean_custom_logo_mobile_max_height":0,"ocean_header_custom_menu":"0","ocean_menu_typo_font_family":"0","ocean_menu_typo_font_subset":"","ocean_menu_typo_font_size":0,"ocean_menu_typo_font_size_tablet":0,"ocean_menu_typo_font_size_mobile":0,"ocean_menu_typo_font_size_unit":"px","ocean_menu_typo_font_weight":"","ocean_menu_typo_font_weight_tablet":"","ocean_menu_typo_font_weight_mobile":"","ocean_menu_typo_transform":"","ocean_menu_typo_transform_tablet":"","ocean_menu_typo_transform_mobile":"","ocean_menu_typo_line_height":0,"ocean_menu_typo_line_height_tablet":0,"ocean_menu_typo_line_height_mobile":0,"ocean_menu_typo_line_height_unit":"","ocean_menu_typo_spacing":0,"ocean_menu_typo_spacing_tablet":0,"ocean_menu_typo_spacing_mobile":0,"ocean_menu_typo_spacing_unit":"","ocean_menu_link_color":"","ocean_menu_link_color_hover":"","ocean_menu_link_color_active":"","ocean_menu_link_background":"","ocean_menu_link_hover_background":"","ocean_menu_link_active_background":"","ocean_menu_social_links_bg":"","ocean_menu_social_hover_links_bg":"","ocean_menu_social_links_color":"","ocean_menu_social_hover_links_color":"","ocean_disable_title":"default","ocean_disable_heading":"default","ocean_post_title":"","ocean_post_subheading":"","ocean_post_title_style":"","ocean_post_title_background_color":"","ocean_post_title_background":0,"ocean_post_title_bg_image_position":"","ocean_post_title_bg_image_attachment":"","ocean_post_title_bg_image_repeat":"","ocean_post_title_bg_image_size":"","ocean_post_title_height":0,"ocean_post_title_bg_overlay":0.5,"ocean_post_title_bg_overlay_color":"","ocean_disable_breadcrumbs":"default","ocean_breadcrumbs_color":"","ocean_breadcrumbs_separator_color":"","ocean_breadcrumbs_links_color":"","ocean_breadcrumbs_links_hover_color":"","ocean_display_footer_widgets":"default","ocean_display_footer_bottom":"default","ocean_custom_footer_template":"0","footnotes":"","_links_to":"","_links_to_target":""},"class_list":["post-291","page","type-page","status-publish","hentry","entry"],"_links":{"self":[{"href":"https:\/\/pgsm.fmrp.usp.br\/es\/wp-json\/wp\/v2\/pages\/291","targetHints":{"allow":["GET"]}}],"collection":[{"href":"https:\/\/pgsm.fmrp.usp.br\/es\/wp-json\/wp\/v2\/pages"}],"about":[{"href":"https:\/\/pgsm.fmrp.usp.br\/es\/wp-json\/wp\/v2\/types\/page"}],"author":[{"embeddable":true,"href":"https:\/\/pgsm.fmrp.usp.br\/es\/wp-json\/wp\/v2\/users\/635"}],"replies":[{"embeddable":true,"href":"https:\/\/pgsm.fmrp.usp.br\/es\/wp-json\/wp\/v2\/comments?post=291"}],"version-history":[{"count":4,"href":"https:\/\/pgsm.fmrp.usp.br\/es\/wp-json\/wp\/v2\/pages\/291\/revisions"}],"predecessor-version":[{"id":298,"href":"https:\/\/pgsm.fmrp.usp.br\/es\/wp-json\/wp\/v2\/pages\/291\/revisions\/298"}],"up":[{"embeddable":true,"href":"https:\/\/pgsm.fmrp.usp.br\/es\/wp-json\/wp\/v2\/pages\/241"}],"wp:attachment":[{"href":"https:\/\/pgsm.fmrp.usp.br\/es\/wp-json\/wp\/v2\/media?parent=291"}],"curies":[{"name":"wp","href":"https:\/\/api.w.org\/{rel}","templated":true}]}}