{"id":319,"date":"2024-02-22T15:12:16","date_gmt":"2024-02-22T18:12:16","guid":{"rendered":"https:\/\/sites.usp.br\/pgsm\/?page_id=319"},"modified":"2024-05-29T13:35:41","modified_gmt":"2024-05-29T16:35:41","slug":"marcos-hortes-nisihara-chagas","status":"publish","type":"page","link":"https:\/\/pgsm.fmrp.usp.br\/en\/orientadores\/marcos-hortes-nisihara-chagas\/","title":{"rendered":"MARCOS HORTES NISIHARA CHAGAS"},"content":{"rendered":"<h3>PROF. DR. MARCOS HORTES NISIHARA CHAGAS<\/h3>\n<table style=\"border-collapse: collapse; width: 100%;\">\n<tbody>\n<tr>\n<td style=\"width: 200px; text-align: left; vertical-align: top;\"><img decoding=\"async\" class=\"alignnone size-full wp-image-321\" src=\"https:\/\/sites.usp.br\/pgsm\/wp-content\/uploads\/sites\/1417\/2024\/02\/MARCOS-HORTES-NISIHARA-CHAGAS.jpg\" alt=\"\" width=\"134\" height=\"156\" \/><\/p>\n<h6><span style=\"color: #008080;\">RELATED LINKS<\/span><\/h6>\n<p><strong><span style=\"font-size: 10pt;\">\u00bb <\/span><span style=\"font-size: 10pt;\"><a href=\"http:\/\/lattes.cnpq.br\/7060083823888759\">Curriculum Lattes<\/a><\/span><\/strong><\/td>\n<td style=\"text-align: left; vertical-align: top;\">\n<h4>Professional address<\/h4>\n<p>Federal University of S\u00e3o Carlos Department of Gerontology, Center for Biological and Health Sciences<br \/>\nRodovia Washington Lu\u00eds, Km 235 CEP 13565-905- S\u00e3o Carlos, SP \u2013 Brazil<br \/>\nPhone: +55 (16) 3351-8956 \/ +55 (16) 9 8145-2367<br \/>\nEmail: mhortes@hotmail.com<\/p>\n<h4>Biography<\/h4>\n<p style=\"text-align: justify;\">Graduated in Medicine from Federal University of Triangulo Mineiro (2004), medical residency in Psychiatry at the Clinical Hospital of FMRP-USP (2008), specialist in Psychogeriatrics (AMB\/ABP) (2012), Master (2010) and PhD (2013) in Neurology (Neurosciences) from the Faculty of Medicine of Ribeir\u00e3o Preto \u2013 University of S\u00e3o Paulo (FMRP-USP). Currently, he is a professor of the Gerontology Department of the Federal University of S\u00e3o Carlos and a mentor of the Graduate Programs in Psychology (UFSCar), Gerontology (UFSCar) and Mental Health (FMRP-USP). He is the coordinator of the Medical Residency Program in Psychiatry at the Bairral Institute of Psychiatry and the specialization course in Mental Health and Cognition at UFSCar.<\/p>\n<h4>Areas of interest<\/h4>\n<p style=\"text-align: justify;\">Psychogeriatrics, neurocognitive disorders, evaluation methods, social cognition, empathy, new treatments and innovation for the rehabilitation of neurocognitive disorders<\/p>\n<\/td>\n<\/tr>\n<\/tbody>\n<\/table>","protected":false},"excerpt":{"rendered":"<p>PROF. DR. MARCOS HORTES NISIHARA CHAGAS RELATED LINKS \u00bb Curriculum Lattes Professional address Federal University of S\u00e3o Carlos Department of Gerontology, Center for Biological and Health Sciences Rodovia Washington Lu\u00eds, Km 235 CEP 13565-905- S\u00e3o Carlos, SP \u2013 Brazil Phone: +55 (16) 3351-8956 \/ +55 (16) 9 8145-2367 Email: mhortes@hotmail.com Biography Graduated in Medicine from [&hellip;]<\/p>\n","protected":false},"author":635,"featured_media":0,"parent":241,"menu_order":0,"comment_status":"closed","ping_status":"closed","template":"","meta":{"ocean_post_layout":"","ocean_both_sidebars_style":"","ocean_both_sidebars_content_width":0,"ocean_both_sidebars_sidebars_width":0,"ocean_sidebar":"0","ocean_second_sidebar":"0","ocean_disable_margins":"enable","ocean_add_body_class":"","ocean_shortcode_before_top_bar":"","ocean_shortcode_after_top_bar":"","ocean_shortcode_before_header":"","ocean_shortcode_after_header":"","ocean_has_shortcode":"","ocean_shortcode_after_title":"","ocean_shortcode_before_footer_widgets":"","ocean_shortcode_after_footer_widgets":"","ocean_shortcode_before_footer_bottom":"","ocean_shortcode_after_footer_bottom":"","ocean_display_top_bar":"default","ocean_display_header":"default","ocean_header_style":"","ocean_center_header_left_menu":"0","ocean_custom_header_template":"0","ocean_custom_logo":0,"ocean_custom_retina_logo":0,"ocean_custom_logo_max_width":0,"ocean_custom_logo_tablet_max_width":0,"ocean_custom_logo_mobile_max_width":0,"ocean_custom_logo_max_height":0,"ocean_custom_logo_tablet_max_height":0,"ocean_custom_logo_mobile_max_height":0,"ocean_header_custom_menu":"0","ocean_menu_typo_font_family":"0","ocean_menu_typo_font_subset":"","ocean_menu_typo_font_size":0,"ocean_menu_typo_font_size_tablet":0,"ocean_menu_typo_font_size_mobile":0,"ocean_menu_typo_font_size_unit":"px","ocean_menu_typo_font_weight":"","ocean_menu_typo_font_weight_tablet":"","ocean_menu_typo_font_weight_mobile":"","ocean_menu_typo_transform":"","ocean_menu_typo_transform_tablet":"","ocean_menu_typo_transform_mobile":"","ocean_menu_typo_line_height":0,"ocean_menu_typo_line_height_tablet":0,"ocean_menu_typo_line_height_mobile":0,"ocean_menu_typo_line_height_unit":"","ocean_menu_typo_spacing":0,"ocean_menu_typo_spacing_tablet":0,"ocean_menu_typo_spacing_mobile":0,"ocean_menu_typo_spacing_unit":"","ocean_menu_link_color":"","ocean_menu_link_color_hover":"","ocean_menu_link_color_active":"","ocean_menu_link_background":"","ocean_menu_link_hover_background":"","ocean_menu_link_active_background":"","ocean_menu_social_links_bg":"","ocean_menu_social_hover_links_bg":"","ocean_menu_social_links_color":"","ocean_menu_social_hover_links_color":"","ocean_disable_title":"default","ocean_disable_heading":"default","ocean_post_title":"","ocean_post_subheading":"","ocean_post_title_style":"","ocean_post_title_background_color":"","ocean_post_title_background":0,"ocean_post_title_bg_image_position":"","ocean_post_title_bg_image_attachment":"","ocean_post_title_bg_image_repeat":"","ocean_post_title_bg_image_size":"","ocean_post_title_height":0,"ocean_post_title_bg_overlay":0.5,"ocean_post_title_bg_overlay_color":"","ocean_disable_breadcrumbs":"default","ocean_breadcrumbs_color":"","ocean_breadcrumbs_separator_color":"","ocean_breadcrumbs_links_color":"","ocean_breadcrumbs_links_hover_color":"","ocean_display_footer_widgets":"default","ocean_display_footer_bottom":"default","ocean_custom_footer_template":"0","footnotes":"","_links_to":"","_links_to_target":""},"class_list":["post-319","page","type-page","status-publish","hentry","entry"],"_links":{"self":[{"href":"https:\/\/pgsm.fmrp.usp.br\/en\/wp-json\/wp\/v2\/pages\/319","targetHints":{"allow":["GET"]}}],"collection":[{"href":"https:\/\/pgsm.fmrp.usp.br\/en\/wp-json\/wp\/v2\/pages"}],"about":[{"href":"https:\/\/pgsm.fmrp.usp.br\/en\/wp-json\/wp\/v2\/types\/page"}],"author":[{"embeddable":true,"href":"https:\/\/pgsm.fmrp.usp.br\/en\/wp-json\/wp\/v2\/users\/635"}],"replies":[{"embeddable":true,"href":"https:\/\/pgsm.fmrp.usp.br\/en\/wp-json\/wp\/v2\/comments?post=319"}],"version-history":[{"count":4,"href":"https:\/\/pgsm.fmrp.usp.br\/en\/wp-json\/wp\/v2\/pages\/319\/revisions"}],"predecessor-version":[{"id":849,"href":"https:\/\/pgsm.fmrp.usp.br\/en\/wp-json\/wp\/v2\/pages\/319\/revisions\/849"}],"up":[{"embeddable":true,"href":"https:\/\/pgsm.fmrp.usp.br\/en\/wp-json\/wp\/v2\/pages\/241"}],"wp:attachment":[{"href":"https:\/\/pgsm.fmrp.usp.br\/en\/wp-json\/wp\/v2\/media?parent=319"}],"curies":[{"name":"wp","href":"https:\/\/api.w.org\/{rel}","templated":true}]}}